{"id":117,"date":"2023-09-17T00:58:02","date_gmt":"2023-09-16T22:58:02","guid":{"rendered":"https:\/\/based.200.solutions\/?page_id=117"},"modified":"2023-09-17T21:16:32","modified_gmt":"2023-09-17T19:16:32","slug":"kontakty","status":"publish","type":"page","link":"https:\/\/based.200.solutions\/?page_id=117","title":{"rendered":"Kontakt"},"content":{"rendered":"\n<div class=\"wp-block-columns is-layout-flex wp-container-core-columns-is-layout-28f84493 wp-block-columns-is-layout-flex\">\n<div class=\"wp-block-column is-layout-flow wp-block-column-is-layout-flow\">\n<p>Chcete se s n\u00e1mi spojit? M\u016f\u017eete n\u00e1s kontaktovat tak\u00e9 na <a href=\"https:\/\/www.instagram.com\/jetobased\/\">Instagramu<\/a>. Obr\u00e1tit se m\u016f\u017eete i na \u010dleny <a href=\"https:\/\/based.200.solutions\/?page_id=23\" data-type=\"page\" data-id=\"23\">Based t\u00fdmu.<\/a><\/p>\n\n\n\n<p class=\"has-text-align-left\"><strong>Obecn\u00e9 dotazy<\/strong><br><a href=\"mailto:info@jebased.cz\">info@jebased.cz<\/a><\/p>\n\n\n\n<div class=\"wp-block-columns is-layout-flex wp-container-core-columns-is-layout-28f84493 wp-block-columns-is-layout-flex\">\n<div class=\"wp-block-column is-layout-flow wp-block-column-is-layout-flow\">\n<p><strong>Mana\u017eerka projektu<\/strong><br>Tereza Dejmkov\u00e1<br><a href=\"mailto:dejmkova@jebased.cz\">dejmkova@jebased.cz<\/a><br>607 865 616<\/p>\n<\/div>\n\n\n\n<div class=\"wp-block-column is-layout-flow wp-block-column-is-layout-flow\">\n<p><strong>Kreativn\u00ed \u0159editel<\/strong><br>Old\u0159ich Neumann<br>neumann@jebased.cz<br>774 817 413<\/p>\n<\/div>\n<\/div>\n\n\n\n<p><strong>Pro m\u00e9dia<\/strong><br><a href=\"mailto:press@jebased.cz\">press@jebased.cz<\/a><\/p>\n<\/div>\n<\/div>\n","protected":false},"excerpt":{"rendered":"<p>Chcete se s n\u00e1mi spojit? M\u016f\u017eete n\u00e1s kontaktovat tak\u00e9 na Instagramu. Obr\u00e1tit se m\u016f\u017eete i na \u010dleny Based t\u00fdmu. Obecn\u00e9 dotazyinfo@jebased.cz Mana\u017eerka projektuTereza Dejmkov\u00e1dejmkova@jebased.cz607 865 616 Kreativn\u00ed \u0159editelOld\u0159ich Neumannneumann@jebased.cz774 817 413 Pro m\u00e9diapress@jebased.cz<\/p>\n","protected":false},"author":1,"featured_media":0,"parent":0,"menu_order":0,"comment_status":"closed","ping_status":"closed","template":"","meta":{"inline_featured_image":false,"footnotes":""},"class_list":["post-117","page","type-page","status-publish","hentry"],"acf":[],"_links":{"self":[{"href":"https:\/\/based.200.solutions\/index.php?rest_route=\/wp\/v2\/pages\/117","targetHints":{"allow":["GET"]}}],"collection":[{"href":"https:\/\/based.200.solutions\/index.php?rest_route=\/wp\/v2\/pages"}],"about":[{"href":"https:\/\/based.200.solutions\/index.php?rest_route=\/wp\/v2\/types\/page"}],"author":[{"embeddable":true,"href":"https:\/\/based.200.solutions\/index.php?rest_route=\/wp\/v2\/users\/1"}],"replies":[{"embeddable":true,"href":"https:\/\/based.200.solutions\/index.php?rest_route=%2Fwp%2Fv2%2Fcomments&post=117"}],"version-history":[{"count":18,"href":"https:\/\/based.200.solutions\/index.php?rest_route=\/wp\/v2\/pages\/117\/revisions"}],"predecessor-version":[{"id":239,"href":"https:\/\/based.200.solutions\/index.php?rest_route=\/wp\/v2\/pages\/117\/revisions\/239"}],"wp:attachment":[{"href":"https:\/\/based.200.solutions\/index.php?rest_route=%2Fwp%2Fv2%2Fmedia&parent=117"}],"curies":[{"name":"wp","href":"https:\/\/api.w.org\/{rel}","templated":true}]}}